{"id":793,"date":"2024-04-16T10:14:23","date_gmt":"2024-04-16T08:14:23","guid":{"rendered":"https:\/\/new.ptsv-rosenheim.de\/?page_id=793"},"modified":"2025-01-03T20:38:13","modified_gmt":"2025-01-03T19:38:13","slug":"news","status":"publish","type":"page","link":"https:\/\/ptsv-rosenheim.de\/index.php\/news\/","title":{"rendered":"News"},"content":{"rendered":"\t\t<div data-elementor-type=\"wp-page\" data-elementor-id=\"793\" class=\"elementor elementor-793\">\n\t\t\t\t<div class=\"elementor-element elementor-element-3cc2030f e-con-full e-flex e-con e-parent\" data-id=\"3cc2030f\" data-element_type=\"container\" data-e-type=\"container\" data-settings=\"{&quot;background_background&quot;:&quot;gradient&quot;}\">\n\t\t<div class=\"elementor-element elementor-element-7f3efdb6 e-con-full e-flex e-con e-child\" data-id=\"7f3efdb6\" data-element_type=\"container\" data-e-type=\"container\" data-settings=\"{&quot;background_background&quot;:&quot;gradient&quot;,&quot;shape_divider_top&quot;:&quot;waves&quot;,&quot;shape_divider_bottom&quot;:&quot;waves&quot;,&quot;shape_divider_bottom_negative&quot;:&quot;yes&quot;}\">\n\t\t\t\t<div class=\"elementor-shape elementor-shape-top\" aria-hidden=\"true\" data-negative=\"false\">\n\t\t\t<svg xmlns=\"http:\/\/www.w3.org\/2000\/svg\" viewBox=\"0 0 1000 100\" preserveAspectRatio=\"none\">\n\t<path class=\"elementor-shape-fill\" d=\"M421.9,6.5c22.6-2.5,51.5,0.4,75.5,5.3c23.6,4.9,70.9,23.5,100.5,35.7c75.8,32.2,133.7,44.5,192.6,49.7\n\tc23.6,2.1,48.7,3.5,103.4-2.5c54.7-6,106.2-25.6,106.2-25.6V0H0v30.3c0,0,72,32.6,158.4,30.5c39.2-0.7,92.8-6.7,134-22.4\n\tc21.2-8.1,52.2-18.2,79.7-24.2C399.3,7.9,411.6,7.5,421.9,6.5z\"\/>\n<\/svg>\t\t<\/div>\n\t\t\t\t<div class=\"elementor-shape elementor-shape-bottom\" aria-hidden=\"true\" data-negative=\"true\">\n\t\t\t<svg xmlns=\"http:\/\/www.w3.org\/2000\/svg\" viewBox=\"0 0 1000 100\" preserveAspectRatio=\"none\">\n\t<path class=\"elementor-shape-fill\" d=\"M790.5,93.1c-59.3-5.3-116.8-18-192.6-50c-29.6-12.7-76.9-31-100.5-35.9c-23.6-4.9-52.6-7.8-75.5-5.3\n\tc-10.2,1.1-22.6,1.4-50.1,7.4c-27.2,6.3-58.2,16.6-79.4,24.7c-41.3,15.9-94.9,21.9-134,22.6C72,58.2,0,25.8,0,25.8V100h1000V65.3\n\tc0,0-51.5,19.4-106.2,25.7C839.5,97,814.1,95.2,790.5,93.1z\"\/>\n<\/svg>\t\t<\/div>\n\t\t<div class=\"elementor-element elementor-element-6154dbb e-con-full e-flex e-con e-child\" data-id=\"6154dbb\" data-element_type=\"container\" data-e-type=\"container\">\n\t\t\t\t<div class=\"elementor-element elementor-element-4c616682 elementor-widget__width-inherit elementor-widget-tablet__width-inherit elementor-invisible elementor-widget elementor-widget-heading\" data-id=\"4c616682\" data-element_type=\"widget\" data-e-type=\"widget\" data-settings=\"{&quot;_animation&quot;:&quot;fadeInLeft&quot;}\" data-widget_type=\"heading.default\">\n\t\t\t\t<div class=\"elementor-widget-container\">\n\t\t\t\t\t<h2 class=\"elementor-heading-title elementor-size-default\">News<\/h2>\t\t\t\t<\/div>\n\t\t\t\t<\/div>\n\t\t\t\t<\/div>\n\t\t\t\t<\/div>\n\t\t<div class=\"elementor-element elementor-element-95ec4b0 e-con-full e-flex e-con e-child\" data-id=\"95ec4b0\" data-element_type=\"container\" data-e-type=\"container\">\n\t\t\t\t<div class=\"elementor-element elementor-element-5702309 elementor-widget-tablet__width-initial elementor-widget elementor-widget-ucaddon_post_list\" data-id=\"5702309\" data-element_type=\"widget\" data-e-type=\"widget\" data-widget_type=\"ucaddon_post_list.default\">\n\t\t\t\t<div class=\"elementor-widget-container\">\n\t\t\t\t\t\n<!-- start Post List -->\n\t\t<link id='font-awesome-css' href='https:\/\/ptsv-rosenheim.de\/wp-content\/plugins\/unlimited-elements-for-elementor\/assets_libraries\/font-awesome6\/fontawesome-all.min.css' type='text\/css' rel='stylesheet' >\n\t\t<link id='font-awesome-4-shim-css' href='https:\/\/ptsv-rosenheim.de\/wp-content\/plugins\/unlimited-elements-for-elementor\/assets_libraries\/font-awesome6\/fontawesome-v4-shims.min.css' type='text\/css' rel='stylesheet' >\n\n<style>\/* widget: Post List *\/\n\n\n\n#uc_post_list_elementor_5702309{\n  display:grid;\n}\n\n#uc_post_list_elementor_5702309 .uc_post_list_image div{\n  background-size:cover;\n  background-position:center;\n}\n\n.uc_post_list .uc_post_list_box{\n\tposition: relative;\n\toverflow: hidden;\n\tdisplay: flex;\n}\n\n#uc_post_list_elementor_5702309 .uc_post_list_image{\n  flex-grow:0;\n  flex-shrink:0;\n  overflow: hidden;\n}\n\n#uc_post_list_elementor_5702309 .uc_post_list_image img{\n  width:100%;\n  height:100%;\n  display:block;\n  transition:0.3s;  \n}\n\n.uc_post_list_title a{\n\tcolor: #333333;\n    display: block;\n}\n\n.uc_post_list_date{\n\tfont-size: 12px;\n}\n\n#uc_post_list_elementor_5702309 .uc_post_list_content{\n  display:flex;\n  flex-direction:column;\n  flex:1;\n}\n\n#uc_post_list_elementor_5702309 .uc_more_btn{\n  text-align:center;\n  text-decoration:none;\n  transition:0.3s;\n}\n\n#uc_post_list_elementor_5702309 .button-on-side{\n  display:flex;\n  align-items:center;\n}\n\n#uc_post_list_elementor_5702309 .ue-grid-item-category{\n  display: flex;\n  align-items: center;\n}\n\n.ue-grid-item-category a{\n  display:inline-block;\n  font-size:10px;\n  text-transform:uppercase;\n}\n\n#uc_post_list_elementor_5702309 .ue-meta-data{  \n  display:flex;\n  flex-wrap: wrap;\n  line-height:1em;\n}\n\n#uc_post_list_elementor_5702309 .ue-grid-item-meta-data{\n      display:inline-flex;\n      align-items:center;\n}\n\n.ue-grid-item-meta-data{\n  font-size:12px;\n}\n\n#uc_post_list_elementor_5702309 .ue-grid-item-meta-data-icon{\n  line-height:1em;\n}\n\n#uc_post_list_elementor_5702309 .ue-grid-item-meta-data-icon svg{\n  width:1em;\n  height:1em;\n} \n\n#uc_post_list_elementor_5702309 .ue-debug-meta{\n  padding:10px;\n  border:1px solid red;\n  position:relative;\n  line-height:1.5em;\n  font-size:11px;\n  width:100%;\n}\n\n.uc-remote-parent .uc_post_list_box{\n\tcursor:pointer;\n}\n\n#uc_post_list_elementor_5702309 .ue-post-link-overlay{\n  display:block;\n  position:absolute;\n  top:0;\n  bottom:0;\n  right:0;\n  left:0;\n}\n\n\n\n\n<\/style>\n\n<div class=\"uc_post_list uc-items-wrapper uc-filterable-grid \" id=\"uc_post_list_elementor_5702309\"  data-ajax='true'  data-filterbehave='ajax'  querydata='{&quot;count_posts&quot;:4,&quot;total_posts&quot;:58,&quot;page&quot;:1,&quot;num_pages&quot;:15}' >    \t\n  <div class=\"uc_post_list_box\" data-category=\"Beitr\u00e4ge Allgemein\">\n\n  \n  \t    <div class=\"uc_post_list_image\">\n      <a href=\"https:\/\/ptsv-rosenheim.de\/index.php\/2026\/04\/04\/trainingslager-2026-in-igea-marina\/\" target=\"_self\" title=\"Trainingslager 2026 in Igea Marina\">\n          \n            <img loading=\"lazy\" decoding=\"async\" src=\"https:\/\/ptsv-rosenheim.de\/wp-content\/uploads\/2026\/04\/Trainingslager-2026-768x432.jpeg\"  src=\"https:\/\/ptsv-rosenheim.de\/wp-content\/uploads\/2026\/04\/Trainingslager-2026-768x432.jpeg\" alt=\"Trainingslager 2026\" width=\"768\" height=\"432\">\n        \t\n        \n      <\/a>\n    <\/div>\n  \t\t\n  \n    <div class=\"uc_post_list_content\">\n      <div class=\"uc_post_list_content_inside\">\n        \n                       \n        <div class=\"uc_post_list_title\"><a target=\"_self\" href=\"https:\/\/ptsv-rosenheim.de\/index.php\/2026\/04\/04\/trainingslager-2026-in-igea-marina\/\" title=\"Trainingslager 2026 in Igea Marina\">Trainingslager 2026 in Igea Marina<\/a><\/div>                 \n        <div class=\"ue-meta-data\">\n                                               \n            \n          \n                        \n            \n                        \n                        \n            \n              \n          <\/div>         \n                \n         <div class=\"uc_post_content\">Tag 0:Das Trainingslager ist ein zusammengesetztes Substantiv aus den Worten \u201eTraining\u201c und \u201eLager\u201c. Es bezeichnet einen Aufenthaltsort, an dem PTSVler intensiv trainieren \u2013 meistens in Bellaria Igea Marina....<\/div>           \n        \n                 \n      <\/div>\n    <\/div>\n     \n       \n  \n   <\/div>\n<div class=\"uc_post_list_box\" data-category=\"Beitr\u00e4ge Allgemein\">\n\n  \n  \t    <div class=\"uc_post_list_image\">\n      <a href=\"https:\/\/ptsv-rosenheim.de\/index.php\/2026\/03\/17\/starke-zeiten-und-platzierungen-beim-halbmarathon-in-wels\/\" target=\"_self\" title=\"Starke Zeiten und Platzierungen beim Halbmarathon in Wels\">\n          \n            <img loading=\"lazy\" decoding=\"async\" src=\"https:\/\/ptsv-rosenheim.de\/wp-content\/uploads\/2026\/03\/Halbmarathon-Wels-768x576.jpeg\"  src=\"https:\/\/ptsv-rosenheim.de\/wp-content\/uploads\/2026\/03\/Halbmarathon-Wels-768x576.jpeg\" alt=\"Halbmarathon Wels\" width=\"768\" height=\"576\">\n        \t\n        \n      <\/a>\n    <\/div>\n  \t\t\n  \n    <div class=\"uc_post_list_content\">\n      <div class=\"uc_post_list_content_inside\">\n        \n                       \n        <div class=\"uc_post_list_title\"><a target=\"_self\" href=\"https:\/\/ptsv-rosenheim.de\/index.php\/2026\/03\/17\/starke-zeiten-und-platzierungen-beim-halbmarathon-in-wels\/\" title=\"Starke Zeiten und Platzierungen beim Halbmarathon in Wels\">Starke Zeiten und Platzierungen beim Halbmarathon in Wels<\/a><\/div>                 \n        <div class=\"ue-meta-data\">\n                                               \n            \n          \n                        \n            \n                        \n                        \n            \n              \n          <\/div>         \n                \n         <div class=\"uc_post_content\">Wie bereits die letzten Jahre machte sich auch heuer eine Herde PTSVler auf, um am Sonntag, den 15. M\u00e4rz 2026 beim Halbmarathon im ober\u00f6sterreichischen Wels zu starten, der jedes Jahr als Formtest im Fr\u00fchjahr...<\/div>           \n        \n                 \n      <\/div>\n    <\/div>\n     \n       \n  \n   <\/div>\n<div class=\"uc_post_list_box\" data-category=\"Beitr\u00e4ge Allgemein\">\n\n  \n  \t    <div class=\"uc_post_list_image\">\n      <a href=\"https:\/\/ptsv-rosenheim.de\/index.php\/2026\/02\/11\/17-ptsv-starter-in-bad-fuessing\/\" target=\"_self\" title=\"17! PTSV Starter in Bad F\u00fcssing\">\n          \n            <img loading=\"lazy\" decoding=\"async\" src=\"https:\/\/ptsv-rosenheim.de\/wp-content\/uploads\/2026\/02\/Bad-Fuessing-Thermen-Marathon-2026-BAYERISCHE-LAUFZEITUNG-64-768x540.jpg\"  src=\"https:\/\/ptsv-rosenheim.de\/wp-content\/uploads\/2026\/02\/Bad-Fuessing-Thermen-Marathon-2026-BAYERISCHE-LAUFZEITUNG-64-768x540.jpg\" alt=\"Bad F\u00fcssing Thermen Marathon 2026 BAYERISCHE LAUFZEITUNG (64)\" width=\"768\" height=\"540\">\n        \t\n        \n      <\/a>\n    <\/div>\n  \t\t\n  \n    <div class=\"uc_post_list_content\">\n      <div class=\"uc_post_list_content_inside\">\n        \n                       \n        <div class=\"uc_post_list_title\"><a target=\"_self\" href=\"https:\/\/ptsv-rosenheim.de\/index.php\/2026\/02\/11\/17-ptsv-starter-in-bad-fuessing\/\" title=\"17! PTSV Starter in Bad F\u00fcssing\">17! PTSV Starter in Bad F\u00fcssing<\/a><\/div>                 \n        <div class=\"ue-meta-data\">\n                                               \n            \n          \n                        \n            \n                        \n                        \n            \n              \n          <\/div>         \n                \n         <div class=\"uc_post_content\">Der 31. Johannesbad Thermen-Marathon am 01. Februar 2026 in Bad F\u00fcssing bot eine wie gewohnt professionelle sportliche B\u00fchne, da die Strecken nach einer Neuvermessung durch den Weltverband AIMS in der...<\/div>           \n        \n                 \n      <\/div>\n    <\/div>\n     \n       \n  \n   <\/div>\n<div class=\"uc_post_list_box\" data-category=\"Beitr\u00e4ge der Laufabteilung\">\n\n  \n  \t    <div class=\"uc_post_list_image\">\n      <a href=\"https:\/\/ptsv-rosenheim.de\/index.php\/2026\/02\/10\/sportlicher-ehrgeiz-und-deutsch-italienische-freundschaft-in-lazise\/\" target=\"_self\" title=\"Sportlicher Ehrgeiz und deutsch-italienische Freundschaft in Lazise\">\n          \n            <img loading=\"lazy\" decoding=\"async\" src=\"https:\/\/ptsv-rosenheim.de\/wp-content\/uploads\/2026\/02\/1000160763-e1770741745869-768x680.jpg\"  src=\"https:\/\/ptsv-rosenheim.de\/wp-content\/uploads\/2026\/02\/1000160763-e1770741745869-768x680.jpg\" alt=\"Lazise Love Run 2026\" width=\"768\" height=\"680\">\n        \t\n        \n      <\/a>\n    <\/div>\n  \t\t\n  \n    <div class=\"uc_post_list_content\">\n      <div class=\"uc_post_list_content_inside\">\n        \n                       \n        <div class=\"uc_post_list_title\"><a target=\"_self\" href=\"https:\/\/ptsv-rosenheim.de\/index.php\/2026\/02\/10\/sportlicher-ehrgeiz-und-deutsch-italienische-freundschaft-in-lazise\/\" title=\"Sportlicher Ehrgeiz und deutsch-italienische Freundschaft in Lazise\">Sportlicher Ehrgeiz und deutsch-italienische Freundschaft in Lazise<\/a><\/div>                 \n        <div class=\"ue-meta-data\">\n                                               \n            \n          \n                        \n            \n                        \n                        \n            \n              \n          <\/div>         \n                \n         <div class=\"uc_post_content\">Vergangenen Freitag hie\u00df es f\u00fcr unsere Hobbylaufgruppe: Laufschuhe einpacken und ab in den S\u00fcden! Das Ziel war unsere Partnerstadt&nbsp;Lazise am Gardasee. Was als sportlicher Ausflug geplant war, entwickelte...<\/div>           \n        \n                 \n      <\/div>\n    <\/div>\n     \n       \n  \n   <\/div>\n\n<\/div>\n\n\n  <div id=\"uc_post_list_elementor_5702309_empty_message\" class=\"ue-no-posts-found\"  style=\"display:none\" >No posts found<\/div>\n\n\n<!-- end Post List -->\t\t\t\t<\/div>\n\t\t\t\t<\/div>\n\t\t\t\t<div class=\"elementor-element elementor-element-c4fe10c elementor-widget-tablet__width-inherit elementor-widget elementor-widget-ucaddon_archive_pagination\" data-id=\"c4fe10c\" data-element_type=\"widget\" data-e-type=\"widget\" data-widget_type=\"ucaddon_archive_pagination.default\">\n\t\t\t\t<div class=\"elementor-widget-container\">\n\t\t\t\t\t\n<!-- start Post Pagination -->\n\n<style>\/* widget: Post Pagination *\/\n\n#uc_archive_pagination_elementor_c4fe10c nav\n{\n  padding:0px;\n  margin:0px;\n}\n\n#uc_archive_pagination_elementor_c4fe10c \n{\n  display:flex;\n  flex-wrap: wrap;\n  justify-content:center;\n}\n\n#uc_archive_pagination_elementor_c4fe10c .nav-links\n{\n  display:flex;\n  justify-content:center;\n}\n\n#uc_archive_pagination_elementor_c4fe10c .nav-links > *\n{\n}\n\n#uc_archive_pagination_elementor_c4fe10c .page-numbers\n{\n  display:flex;\n  \n  align-items:center;\n  justify-content:center;\n  transition:0.3s;\n  line-height:1em;\n}\n\n\n#uc_archive_pagination_elementor_c4fe10c a.page-numbers, #uc_archive_pagination_elementor_c4fe10c .dots\n{\n  color:#000000;\n  background-color:;\n}\n\n#uc_archive_pagination_elementor_c4fe10c a.page-numbers:hover\n{\n  color:#6e6e6e;\n  background-color:#eeeeee;\n}\n\n#uc_archive_pagination_elementor_c4fe10c .page-numbers.current,\n#uc_archive_pagination_elementor_c4fe10c .page-numbers.current:hover\n{\n  background-color:#000000;\n  color:#ffffff;\n}\n\n\n#uc_archive_pagination_elementor_c4fe10c .page-numbers.prev, #uc_archive_pagination_elementor_c4fe10c .page-numbers.next\n{\n  padding-left:15px;\n  padding-right:15px;\n}\n\n\n\n#uc_archive_pagination_elementor_c4fe10c .prev:before {\n   font-family: \"Font Awesome 5 Free\";\n   content: \"\\f053\";\n   display: inline-block;\n   vertical-align: middle;\n   font-weight: 900;\n   padding-right:10px;}\n\n#uc_archive_pagination_elementor_c4fe10c .next:after {\n   font-family: \"Font Awesome 5 Free\";\n   content: \"\\f054\";\n   display: inline-block;\n   vertical-align: middle;\n   font-weight: 900;\n   padding-left:10px;}\n\n#uc_archive_pagination_elementor_c4fe10c.uc-ajax-loading{\n\topacity:1 !important;\n}\n\n#uc_archive_pagination_elementor_c4fe10c.uc-ajax-loading .current{\n\tposition:relative;\n    overflow:hidden;\n}\n\n\n#uc_archive_pagination_elementor_c4fe10c.uc-ajax-loading .current:before{\n  content: \"\";\n  display:block;\n  width:100%;\n  height:100%;\n  box-sizing:border-box;\n  position:absolute;\n  top:0px;\n  left:0px;\n  background-color: #c2c2c2;\n  animation: uc-spinning-border 0.5s linear infinite;\n  opacity:50%;\n  border-radius:inherit;\n}\n\n@keyframes uc-spinning-border {\n\t0%{transform: scale(0);}\n\t100%{transform: scale(1); }\t\n}\n\n\n\n<\/style>\n\n<div id=\"uc_archive_pagination_elementor_c4fe10c\" class=\"archive_pagination uc-filter-pagination\">\n<span aria-current=\"page\" class=\"page-numbers current\">1<\/span>\n<a class=\"page-numbers\" href=\"https:\/\/ptsv-rosenheim.de\/index.php\/news\/2\/\" data-e-disable-page-transition=\"true\">2<\/a>\n<a class=\"page-numbers\" href=\"https:\/\/ptsv-rosenheim.de\/index.php\/news\/3\/\" data-e-disable-page-transition=\"true\">3<\/a>\n<a class=\"page-numbers\" href=\"https:\/\/ptsv-rosenheim.de\/index.php\/news\/4\/\" data-e-disable-page-transition=\"true\">4<\/a>\n<a class=\"page-numbers\" href=\"https:\/\/ptsv-rosenheim.de\/index.php\/news\/5\/\" data-e-disable-page-transition=\"true\">5<\/a>\n<a class=\"page-numbers\" href=\"https:\/\/ptsv-rosenheim.de\/index.php\/news\/6\/\" data-e-disable-page-transition=\"true\">6<\/a>\n<a class=\"page-numbers\" href=\"https:\/\/ptsv-rosenheim.de\/index.php\/news\/7\/\" data-e-disable-page-transition=\"true\">7<\/a>\n<a class=\"page-numbers\" href=\"https:\/\/ptsv-rosenheim.de\/index.php\/news\/8\/\" data-e-disable-page-transition=\"true\">8<\/a>\n<a class=\"page-numbers\" href=\"https:\/\/ptsv-rosenheim.de\/index.php\/news\/9\/\" data-e-disable-page-transition=\"true\">9<\/a>\n<a class=\"page-numbers\" href=\"https:\/\/ptsv-rosenheim.de\/index.php\/news\/10\/\" data-e-disable-page-transition=\"true\">10<\/a>\n<a class=\"page-numbers\" href=\"https:\/\/ptsv-rosenheim.de\/index.php\/news\/11\/\" data-e-disable-page-transition=\"true\">11<\/a>\n<a class=\"page-numbers\" href=\"https:\/\/ptsv-rosenheim.de\/index.php\/news\/12\/\" data-e-disable-page-transition=\"true\">12<\/a>\n<a class=\"page-numbers\" href=\"https:\/\/ptsv-rosenheim.de\/index.php\/news\/13\/\" data-e-disable-page-transition=\"true\">13<\/a>\n<a class=\"page-numbers\" href=\"https:\/\/ptsv-rosenheim.de\/index.php\/news\/14\/\" data-e-disable-page-transition=\"true\">14<\/a>\n<a class=\"page-numbers\" href=\"https:\/\/ptsv-rosenheim.de\/index.php\/news\/15\/\" data-e-disable-page-transition=\"true\">15<\/a>\n<a class=\"next page-numbers\" href=\"https:\/\/ptsv-rosenheim.de\/index.php\/news\/2\/\" data-e-disable-page-transition=\"true\">Next<\/a>\n<\/div>\n<!-- end Post Pagination -->\t\t\t\t<\/div>\n\t\t\t\t<\/div>\n\t\t\t\t<\/div>\n\t\t\t\t<\/div>\n\t\t<div class=\"elementor-element elementor-element-47b1ae09 e-con-full e-flex e-con e-child\" data-id=\"47b1ae09\" data-element_type=\"container\" data-e-type=\"container\" data-settings=\"{&quot;background_background&quot;:&quot;gradient&quot;}\">\n\t\t\t\t<div class=\"elementor-element elementor-element-435f5add elementor-widget-divider--view-line elementor-widget elementor-widget-divider\" data-id=\"435f5add\" data-element_type=\"widget\" data-e-type=\"widget\" data-widget_type=\"divider.default\">\n\t\t\t\t<div class=\"elementor-widget-container\">\n\t\t\t\t\t\t\t<div class=\"elementor-divider\">\n\t\t\t<span class=\"elementor-divider-separator\">\n\t\t\t\t\t\t<\/span>\n\t\t<\/div>\n\t\t\t\t\t\t<\/div>\n\t\t\t\t<\/div>\n\t\t<div class=\"elementor-element elementor-element-5cf8eeee e-con-full e-flex e-con e-child\" data-id=\"5cf8eeee\" data-element_type=\"container\" data-e-type=\"container\">\n\t\t<div class=\"elementor-element elementor-element-1d46a872 e-con-full e-flex e-con e-child\" data-id=\"1d46a872\" data-element_type=\"container\" data-e-type=\"container\">\n\t\t\t\t<div class=\"elementor-element elementor-element-7a8ef3a7 elementor-widget elementor-widget-button\" data-id=\"7a8ef3a7\" data-element_type=\"widget\" data-e-type=\"widget\" data-widget_type=\"button.default\">\n\t\t\t\t<div class=\"elementor-widget-container\">\n\t\t\t\t\t\t\t\t\t<div class=\"elementor-button-wrapper\">\n\t\t\t\t\t<a class=\"elementor-button elementor-button-link elementor-size-sm\" href=\"https:\/\/ptsv-rosenheim.de\/index.php\/impressum\/\">\n\t\t\t\t\t\t<span class=\"elementor-button-content-wrapper\">\n\t\t\t\t\t\t\t\t\t<span class=\"elementor-button-text\">Impressum<\/span>\n\t\t\t\t\t<\/span>\n\t\t\t\t\t<\/a>\n\t\t\t\t<\/div>\n\t\t\t\t\t\t\t\t<\/div>\n\t\t\t\t<\/div>\n\t\t\t\t<\/div>\n\t\t<div class=\"elementor-element elementor-element-78bf0d40 e-con-full e-flex e-con e-child\" data-id=\"78bf0d40\" data-element_type=\"container\" data-e-type=\"container\">\n\t\t\t\t<div class=\"elementor-element elementor-element-2ece2422 elementor-align-center elementor-widget elementor-widget-button\" data-id=\"2ece2422\" data-element_type=\"widget\" data-e-type=\"widget\" data-widget_type=\"button.default\">\n\t\t\t\t<div class=\"elementor-widget-container\">\n\t\t\t\t\t\t\t\t\t<div class=\"elementor-button-wrapper\">\n\t\t\t\t\t<a class=\"elementor-button elementor-button-link elementor-size-sm\" href=\"https:\/\/ptsv-rosenheim.de\/index.php\/datenschutz\/\">\n\t\t\t\t\t\t<span class=\"elementor-button-content-wrapper\">\n\t\t\t\t\t\t\t\t\t<span class=\"elementor-button-text\">Datenschutz<\/span>\n\t\t\t\t\t<\/span>\n\t\t\t\t\t<\/a>\n\t\t\t\t<\/div>\n\t\t\t\t\t\t\t\t<\/div>\n\t\t\t\t<\/div>\n\t\t\t\t<\/div>\n\t\t<div class=\"elementor-element elementor-element-6c10b643 e-con-full e-flex e-con e-child\" data-id=\"6c10b643\" data-element_type=\"container\" data-e-type=\"container\">\n\t\t\t\t<div class=\"elementor-element elementor-element-64ff4621 elementor-align-center elementor-widget elementor-widget-button\" data-id=\"64ff4621\" data-element_type=\"widget\" data-e-type=\"widget\" data-widget_type=\"button.default\">\n\t\t\t\t<div class=\"elementor-widget-container\">\n\t\t\t\t\t\t\t\t\t<div class=\"elementor-button-wrapper\">\n\t\t\t\t\t<a class=\"elementor-button elementor-button-link elementor-size-sm\" href=\"https:\/\/ptsv-rosenheim.de\/index.php\/downloads\/\">\n\t\t\t\t\t\t<span class=\"elementor-button-content-wrapper\">\n\t\t\t\t\t\t\t\t\t<span class=\"elementor-button-text\">Downloads<\/span>\n\t\t\t\t\t<\/span>\n\t\t\t\t\t<\/a>\n\t\t\t\t<\/div>\n\t\t\t\t\t\t\t\t<\/div>\n\t\t\t\t<\/div>\n\t\t\t\t<\/div>\n\t\t\t\t<\/div>\n\t\t\t\t<\/div>\n\t\t\t\t<\/div>\n\t\t","protected":false},"excerpt":{"rendered":"<p>News Hallentraining der Fitnessabteilung Nach dem Jahreswechsel beginnen wir wieder mit unserem anspruchsvollen und abwechslungsreichen Fitnesstraining f\u00fcr die Generation ab 50. Start am Dienstag, den 07. Januar 2025 um 17.45 Uhr in der Sporthalle&#8230; Yoga am Freitag beginnt wieder am 17.01.2025 Vereinsausflug nach Riva Am Freitag, dem 8. November 2024, startete der PTSV Rosenheim um [&hellip;]<\/p>\n","protected":false},"author":1,"featured_media":0,"parent":0,"menu_order":0,"comment_status":"closed","ping_status":"closed","template":"","meta":{"_eb_attr":"","footnotes":""},"class_list":["post-793","page","type-page","status-publish","hentry"],"blocksy_meta":[],"publishpress_future_action":{"enabled":false,"date":"2026-04-23 06:18:44","action":"change-status","newStatus":"draft","terms":[],"taxonomy":"","extraData":[]},"publishpress_future_workflow_manual_trigger":{"enabledWorkflows":[]},"_links":{"self":[{"href":"https:\/\/ptsv-rosenheim.de\/index.php\/wp-json\/wp\/v2\/pages\/793","targetHints":{"allow":["GET"]}}],"collection":[{"href":"https:\/\/ptsv-rosenheim.de\/index.php\/wp-json\/wp\/v2\/pages"}],"about":[{"href":"https:\/\/ptsv-rosenheim.de\/index.php\/wp-json\/wp\/v2\/types\/page"}],"author":[{"embeddable":true,"href":"https:\/\/ptsv-rosenheim.de\/index.php\/wp-json\/wp\/v2\/users\/1"}],"replies":[{"embeddable":true,"href":"https:\/\/ptsv-rosenheim.de\/index.php\/wp-json\/wp\/v2\/comments?post=793"}],"version-history":[{"count":121,"href":"https:\/\/ptsv-rosenheim.de\/index.php\/wp-json\/wp\/v2\/pages\/793\/revisions"}],"predecessor-version":[{"id":2440,"href":"https:\/\/ptsv-rosenheim.de\/index.php\/wp-json\/wp\/v2\/pages\/793\/revisions\/2440"}],"wp:attachment":[{"href":"https:\/\/ptsv-rosenheim.de\/index.php\/wp-json\/wp\/v2\/media?parent=793"}],"curies":[{"name":"wp","href":"https:\/\/api.w.org\/{rel}","templated":true}]}}