{"id":369,"date":"2024-04-08T15:45:16","date_gmt":"2024-04-08T13:45:16","guid":{"rendered":"https:\/\/new.ptsv-rosenheim.de\/?page_id=369"},"modified":"2024-04-28T17:06:25","modified_gmt":"2024-04-28T15:06:25","slug":"datenschutz","status":"publish","type":"page","link":"https:\/\/ptsv-rosenheim.de\/index.php\/datenschutz\/","title":{"rendered":"Datenschutz"},"content":{"rendered":"\t\t<div data-elementor-type=\"wp-page\" data-elementor-id=\"369\" class=\"elementor elementor-369\">\n\t\t\t\t<div class=\"elementor-element elementor-element-5f5434d5 e-con-full e-flex e-con e-parent\" data-id=\"5f5434d5\" data-element_type=\"container\" data-e-type=\"container\" data-settings=\"{&quot;background_background&quot;:&quot;gradient&quot;}\">\n\t\t<div class=\"elementor-element elementor-element-447f5616 e-con-full e-flex e-con e-child\" data-id=\"447f5616\" data-element_type=\"container\" data-e-type=\"container\" data-settings=\"{&quot;background_background&quot;:&quot;gradient&quot;,&quot;shape_divider_top&quot;:&quot;waves&quot;,&quot;shape_divider_bottom&quot;:&quot;waves&quot;,&quot;shape_divider_bottom_negative&quot;:&quot;yes&quot;}\">\n\t\t\t\t<div class=\"elementor-shape elementor-shape-top\" aria-hidden=\"true\" data-negative=\"false\">\n\t\t\t<svg xmlns=\"http:\/\/www.w3.org\/2000\/svg\" viewBox=\"0 0 1000 100\" preserveAspectRatio=\"none\">\n\t<path class=\"elementor-shape-fill\" d=\"M421.9,6.5c22.6-2.5,51.5,0.4,75.5,5.3c23.6,4.9,70.9,23.5,100.5,35.7c75.8,32.2,133.7,44.5,192.6,49.7\n\tc23.6,2.1,48.7,3.5,103.4-2.5c54.7-6,106.2-25.6,106.2-25.6V0H0v30.3c0,0,72,32.6,158.4,30.5c39.2-0.7,92.8-6.7,134-22.4\n\tc21.2-8.1,52.2-18.2,79.7-24.2C399.3,7.9,411.6,7.5,421.9,6.5z\"\/>\n<\/svg>\t\t<\/div>\n\t\t\t\t<div class=\"elementor-shape elementor-shape-bottom\" aria-hidden=\"true\" data-negative=\"true\">\n\t\t\t<svg xmlns=\"http:\/\/www.w3.org\/2000\/svg\" viewBox=\"0 0 1000 100\" preserveAspectRatio=\"none\">\n\t<path class=\"elementor-shape-fill\" d=\"M790.5,93.1c-59.3-5.3-116.8-18-192.6-50c-29.6-12.7-76.9-31-100.5-35.9c-23.6-4.9-52.6-7.8-75.5-5.3\n\tc-10.2,1.1-22.6,1.4-50.1,7.4c-27.2,6.3-58.2,16.6-79.4,24.7c-41.3,15.9-94.9,21.9-134,22.6C72,58.2,0,25.8,0,25.8V100h1000V65.3\n\tc0,0-51.5,19.4-106.2,25.7C839.5,97,814.1,95.2,790.5,93.1z\"\/>\n<\/svg>\t\t<\/div>\n\t\t<div class=\"elementor-element elementor-element-13bce983 e-con-full e-flex e-con e-child\" data-id=\"13bce983\" data-element_type=\"container\" data-e-type=\"container\">\n\t\t\t\t<div class=\"elementor-element elementor-element-4c68c94c elementor-widget__width-inherit elementor-widget-tablet__width-inherit elementor-widget-mobile__width-inherit elementor-invisible elementor-widget elementor-widget-heading\" data-id=\"4c68c94c\" data-element_type=\"widget\" data-e-type=\"widget\" data-settings=\"{&quot;_animation&quot;:&quot;fadeInLeft&quot;}\" data-widget_type=\"heading.default\">\n\t\t\t\t<div class=\"elementor-widget-container\">\n\t\t\t\t\t<h2 class=\"elementor-heading-title elementor-size-default\">Datenschutz<\/h2>\t\t\t\t<\/div>\n\t\t\t\t<\/div>\n\t\t\t\t<\/div>\n\t\t\t\t<\/div>\n\t\t<div class=\"elementor-element elementor-element-5d8193a1 e-flex e-con-boxed e-con e-child\" data-id=\"5d8193a1\" data-element_type=\"container\" data-e-type=\"container\">\n\t\t\t\t\t<div class=\"e-con-inner\">\n\t\t<div class=\"elementor-element elementor-element-53b7c33d e-con-full e-flex e-con e-child\" data-id=\"53b7c33d\" data-element_type=\"container\" data-e-type=\"container\">\n\t\t\t\t<div class=\"elementor-element elementor-element-0561652 elementor-widget-mobile__width-inherit elementor-widget elementor-widget-text-editor\" data-id=\"0561652\" data-element_type=\"widget\" data-e-type=\"widget\" data-widget_type=\"text-editor.default\">\n\t\t\t\t<div class=\"elementor-widget-container\">\n\t\t\t\t\t\t\t\t\t<p style=\"text-align: center;\"><strong><span style=\"color: #000000;\">Datensch<\/span><span style=\"color: #000000;\">utz beim PTSV Rosenheim e.V.<\/span><span style=\"color: #000000;\"><br \/><\/span><\/strong><\/p><p style=\"text-align: left;\"><strong><span style=\"color: #000000;\"><br \/><\/span><\/strong><span style=\"color: #000000;\"><strong>(1)<\/strong> Zur Erf\u00fcllung der satzungsgem\u00e4\u00dfen Aufgaben des Vereines und der<\/span><br \/><span style=\"color: #000000;\">Verpflichtungen, die sich aus der Mitgliedschaft im Bayerischen<\/span><br \/><span style=\"color: #000000;\">Landes-Sportverband (BLSV) und aus der Mitgliedschaft in dessen<\/span><br \/><span style=\"color: #000000;\">zust\u00e4ndigen Sportfachverb\u00e4nden ergeben, werden im Verein unter<\/span><br \/><span style=\"color: #000000;\">Beachtung der rechtlichen Vorschriften, insbesondere der EUDatenschutzgrund-verordnung (DSGVO) sowie des<\/span><br \/><span style=\"color: #000000;\">Bundesdatenschutzgesetzes neue Fassung (BDSG) folgende<\/span><br \/><span style=\"color: #000000;\">personenbezogene Daten von Vereinsmitgliedern digital gespeichert:<br \/><\/span><\/p><p style=\"text-align: left;\"><span style=\"color: #000000;\">-Name, Vorname<\/span><br \/><span style=\"color: #000000;\">&#8211; Adresse (PLZ, Wohnort, Stra\u00dfe, Haus-Nr.<\/span><br \/><span style=\"color: #000000;\">&#8211; Telefonnummer<\/span><br \/><span style=\"color: #000000;\">&#8211; eMail Adresse<\/span><br \/><span style=\"color: #000000;\">&#8211; Geburtsdatum<\/span><br \/><span style=\"color: #000000;\">&#8211; Bankverbindung<\/span><br \/><span style=\"color: #000000;\">&#8211; Abteilungszugeh\u00f6rigkeit<\/span><br \/><span style=\"color: #000000;\">&#8211; Eintritts- \/ Austrittjahr<\/span><br \/><span style=\"color: #000000;\">&#8211; Art der Mitgliedschaft (aktiv \/ passiv<\/span><br \/><span style=\"color: #000000;\">&#8211; Geschlecht<\/span><\/p><p style=\"text-align: left;\"><br \/><span style=\"color: #000000;\">Die digitale Erfassung der Daten erfolgt unter der Ma\u00dfgabe, dass die<\/span><br \/><span style=\"color: #000000;\">Mitglieder mit der Beitrittserkl\u00e4rung zustimmen.<\/span><\/p><p style=\"text-align: left;\"><br \/><span style=\"color: #000000;\"><strong>(2)<\/strong> Den Organen des Vereins, allen Mitarbeitern oder sonst f\u00fcr den Verein<\/span><br \/><span style=\"color: #000000;\">T\u00e4tigen ist es untersagt, personenbezogene Daten unbefugt zu anderen<\/span><br \/><span style=\"color: #000000;\">als dem zur jeweiligen Aufgabenerf\u00fcllung geh\u00f6renden Zweck zu<\/span><br \/><span style=\"color: #000000;\">verarbeiten, bekannt zu geben, Dritten zug\u00e4nglich zu machen oder sonst<\/span><br \/><span style=\"color: #000000;\">zu nutzen. Diese Pflicht besteht auch nach dem Ausscheiden des Mitglieds<\/span><br \/><span style=\"color: #000000;\">aus dem Verein fort.<\/span><\/p><p style=\"text-align: left;\"><br \/><span style=\"color: #000000;\"><strong>(3)<\/strong> Als Mitglied des Bayerischen Landes-Sportverbandes ist der Verein<\/span><br \/><span style=\"color: #000000;\">verpflichtet, im Rahmen der Bestandsmeldung folgende Daten seiner<\/span><br \/><span style=\"color: #000000;\">Mitglieder an den BLSV zu melden:<\/span><\/p><p style=\"text-align: left;\"><br \/><span style=\"color: #000000;\">&#8211; Name, Vorname<\/span><br \/><span style=\"color: #000000;\">&#8211; Geburtsdatum<\/span><br \/><span style=\"color: #000000;\">&#8211; Geschlecht<\/span><br \/><span style=\"color: #000000;\">&#8211; Sportartenzugeh\u00f6rigkeit, z.B. Tennis<\/span><br \/><span style=\"color: #000000;\">&#8211; Ein- \/ Austritt<\/span><\/p><p style=\"text-align: left;\"><br \/><span style=\"color: #000000;\">Die Meldung dient zu Verwaltungs- und Organisationszwecken des BLSV.<\/span><br \/><span style=\"color: #000000;\">Soweit sich aus dem Betreiben bestimmter Sportarten im Verein eine<\/span><br \/><span style=\"color: #000000;\">Zuordnung zu bestimmten Sportfachverb\u00e4nden ergibt, werden diesen f\u00fcr<\/span><br \/><span style=\"color: #000000;\">deren Verwaltungs- und Organisationszwecke bzw. zur Durchf\u00fchrung des<\/span><br \/><span style=\"color: #000000;\">Wettkampfbetriebes die erforderlichen Daten betroffener<\/span><br \/><span style=\"color: #000000;\">Vereinsmitglieder im folgenden Umfang ebenfalls zur Verf\u00fcgung gestellt:<\/span><\/p><p style=\"text-align: left;\"><br \/><span style=\"color: #000000;\">&#8211; Name, Vorname<\/span><br \/><span style=\"color: #000000;\">&#8211; Geburtsdatum (hieraus folgt z.B. Alter, Altersklasse)<\/span><br \/><span style=\"color: #000000;\">&#8211; Geschlecht<\/span><br \/><span style=\"color: #000000;\">&#8211; Sportartenzugeh\u00f6rigkeit, z.B. Tennis<\/span><br \/><span style=\"color: #000000;\">&#8211; Ein- \/ Austritt (bei Austritt, keine Berechtigung zur Teilnahme an<\/span><br \/><span style=\"color: #000000;\">Wettk\u00e4mpfen, kein Versicherungsschutz)<\/span><\/p><p style=\"text-align: left;\"><br \/><span style=\"color: #000000;\"><strong>(4)<\/strong> Im Zusammenhang mit seinem Sportbetrieb sowie sonstigen<\/span><br \/><span style=\"color: #000000;\">satzungsgem\u00e4\u00dfen Veranstaltungen ver\u00f6ffentlicht der Verein<\/span><br \/><span style=\"color: #000000;\">personenbezogene Daten und Fotos seiner Mitglieder in seiner<\/span><br \/><span style=\"color: #000000;\">Vereinszeitung sowie auf seiner Homepage und \u00fcbermittelt Daten<\/span><br \/><span style=\"color: #000000;\">und Fotos zur Ver\u00f6ffentlichung an Print- und Telemedien sowie<\/span><br \/><span style=\"color: #000000;\">elektronische Medien.<\/span><\/p><p style=\"text-align: left;\"><br \/><span style=\"color: #000000;\"><strong>(5)<\/strong> Durch ihre Mitgliedschaft und die damit verbundene Anerkennung dieser<\/span><br \/><span style=\"color: #000000;\">Satzung stimmen die Mitglieder der Verarbeitung (Erheben, Erfassen,<\/span><br \/><span style=\"color: #000000;\">Organisieren, Ordnen, Speichern, Anpassen, Ver\u00e4ndern, Auslesen,<\/span><br \/><span style=\"color: #000000;\">Abfragen, Verwenden, Offenlegen, \u00dcbermitteln, Verbreiten, Abgleichen,<\/span><br \/><span style=\"color: #000000;\">Verkn\u00fcpfen, Einschr\u00e4nken, L\u00f6schen, Vernichten) ihrer personenbezogenen<\/span><br \/><span style=\"color: #000000;\">Daten in dem vorgenannten Ausma\u00df und Umfang zu. Eine anderweitige,<\/span><br \/><span style=\"color: #000000;\">\u00fcber die Erf\u00fcllung seiner satzungsgem\u00e4\u00dfen Aufgaben und Zwecke<\/span><br \/><span style=\"color: #000000;\">hinausgehende Datenverwendung ist dem Verein \u2013 abgesehen von einer<\/span><br \/><span style=\"color: #000000;\">ausdr\u00fccklichen Einwilligung \u2013 nur erlaubt, sofern er aufgrund einer<\/span><br \/><span style=\"color: #000000;\">rechtlichen Verpflichtung, der Erf\u00fcllung eines Vertrages oder zur Wahrung<\/span><br \/><span style=\"color: #000000;\">berechtigter Interessen, sofern nicht die Interessen der betroffenen<\/span><br \/><span style=\"color: #000000;\">Stand 08.09.2020 3<\/span><br \/><span style=\"color: #000000;\">Personen \u00fcberwiegen, hierzu verpflichtet ist. Ein Datenverkauf ist nicht<\/span><br \/><span style=\"color: #000000;\">statthaft.<\/span><\/p><p style=\"text-align: left;\"><br \/><span style=\"color: #000000;\"><strong>(6)<\/strong> Jedes Mitglied hat im Rahmen der rechtlichen Vorschriften, insbesondere<\/span><br \/><span style=\"color: #000000;\">der DSGVO und des BDSG, das Recht auf Auskunft \u00fcber die zu seiner<\/span><br \/><span style=\"color: #000000;\">Person gespeicherten Daten, deren Empf\u00e4nger und den Zweck der<\/span><br \/><span style=\"color: #000000;\">Speicherung sowie auf Berichtigung, L\u00f6schung oder Sperrung,<\/span><br \/><span style=\"color: #000000;\">Einschr\u00e4nkung, Widerspruch und \u00dcbertragbarkeit seiner Daten.<\/span><\/p><p style=\"text-align: left;\"><br \/><span style=\"color: #000000;\"><strong>(7)<\/strong> Bei Beendigung der Mitgliedschaft werden personenbezogene Daten<\/span><br \/><span style=\"color: #000000;\">gel\u00f6scht, sobald ihre Kenntnis nicht mehr erforderlich ist. Daten, die einer<\/span><br \/><span style=\"color: #000000;\">gesetzlichen oder satzungsm\u00e4\u00dfigen Aufbewahrungspflicht unterliegen,<\/span><br \/><span style=\"color: #000000;\">werden f\u00fcr die weitere Verwendung gesperrt und nach Ablauf der<\/span><br \/><span style=\"color: #000000;\">Aufbewahrungspflicht entsprechend Satz 1 gel\u00f6scht.<\/span><\/p><p style=\"text-align: left;\"><br \/><span style=\"color: #000000;\"><strong>(8)<\/strong> Die Vereins- und personenbezogenen Daten werden durch geeignete<\/span><br \/><span style=\"color: #000000;\">technische und organisatorische Ma\u00dfnahmen vor dem Zugriff Dritter<\/span><br \/><span style=\"color: #000000;\">gesch\u00fctzt.<\/span><\/p><p>\u00a0<\/p><p style=\"text-align: left;\"><span style=\"text-decoration: underline;\"><span style=\"color: #000000; text-decoration: underline;\">Stand 08.09.2020<\/span><\/span><\/p>\t\t\t\t\t\t\t\t<\/div>\n\t\t\t\t<\/div>\n\t\t\t\t<\/div>\n\t\t\t\t\t<\/div>\n\t\t\t\t<\/div>\n\t\t\t\t<\/div>\n\t\t<div class=\"elementor-element elementor-element-a69f4aa e-con-full e-flex e-con e-child\" data-id=\"a69f4aa\" data-element_type=\"container\" data-e-type=\"container\" data-settings=\"{&quot;background_background&quot;:&quot;gradient&quot;}\">\n\t\t\t\t<div class=\"elementor-element elementor-element-e948f35 elementor-widget-divider--view-line elementor-widget elementor-widget-divider\" data-id=\"e948f35\" data-element_type=\"widget\" data-e-type=\"widget\" data-widget_type=\"divider.default\">\n\t\t\t\t<div class=\"elementor-widget-container\">\n\t\t\t\t\t\t\t<div class=\"elementor-divider\">\n\t\t\t<span class=\"elementor-divider-separator\">\n\t\t\t\t\t\t<\/span>\n\t\t<\/div>\n\t\t\t\t\t\t<\/div>\n\t\t\t\t<\/div>\n\t\t<div class=\"elementor-element elementor-element-64c4465 e-con-full e-flex e-con e-child\" data-id=\"64c4465\" data-element_type=\"container\" data-e-type=\"container\">\n\t\t<div class=\"elementor-element elementor-element-18c4b52 e-con-full e-flex e-con e-child\" data-id=\"18c4b52\" data-element_type=\"container\" data-e-type=\"container\">\n\t\t\t\t<div class=\"elementor-element elementor-element-8f635be elementor-widget elementor-widget-button\" data-id=\"8f635be\" data-element_type=\"widget\" data-e-type=\"widget\" data-widget_type=\"button.default\">\n\t\t\t\t<div class=\"elementor-widget-container\">\n\t\t\t\t\t\t\t\t\t<div class=\"elementor-button-wrapper\">\n\t\t\t\t\t<a class=\"elementor-button elementor-button-link elementor-size-sm\" href=\"https:\/\/new.ptsv-rosenheim.de\/index.php\/impressum\/\">\n\t\t\t\t\t\t<span class=\"elementor-button-content-wrapper\">\n\t\t\t\t\t\t\t\t\t<span class=\"elementor-button-text\">Impressum<\/span>\n\t\t\t\t\t<\/span>\n\t\t\t\t\t<\/a>\n\t\t\t\t<\/div>\n\t\t\t\t\t\t\t\t<\/div>\n\t\t\t\t<\/div>\n\t\t\t\t<\/div>\n\t\t<div class=\"elementor-element elementor-element-0fac113 e-con-full e-flex e-con e-child\" data-id=\"0fac113\" data-element_type=\"container\" data-e-type=\"container\">\n\t\t\t\t<div class=\"elementor-element elementor-element-d564c6a elementor-align-center elementor-widget elementor-widget-button\" data-id=\"d564c6a\" data-element_type=\"widget\" data-e-type=\"widget\" data-widget_type=\"button.default\">\n\t\t\t\t<div class=\"elementor-widget-container\">\n\t\t\t\t\t\t\t\t\t<div class=\"elementor-button-wrapper\">\n\t\t\t\t\t<a class=\"elementor-button elementor-button-link elementor-size-sm\" href=\"https:\/\/new.ptsv-rosenheim.de\/index.php\/datenschutz\/\">\n\t\t\t\t\t\t<span class=\"elementor-button-content-wrapper\">\n\t\t\t\t\t\t\t\t\t<span class=\"elementor-button-text\">Datenschutz<\/span>\n\t\t\t\t\t<\/span>\n\t\t\t\t\t<\/a>\n\t\t\t\t<\/div>\n\t\t\t\t\t\t\t\t<\/div>\n\t\t\t\t<\/div>\n\t\t\t\t<\/div>\n\t\t<div class=\"elementor-element elementor-element-971aa89 e-con-full e-flex e-con e-child\" data-id=\"971aa89\" data-element_type=\"container\" data-e-type=\"container\">\n\t\t\t\t<div class=\"elementor-element elementor-element-38998ef elementor-align-center elementor-widget elementor-widget-button\" data-id=\"38998ef\" data-element_type=\"widget\" data-e-type=\"widget\" data-widget_type=\"button.default\">\n\t\t\t\t<div class=\"elementor-widget-container\">\n\t\t\t\t\t\t\t\t\t<div class=\"elementor-button-wrapper\">\n\t\t\t\t\t<a class=\"elementor-button elementor-button-link elementor-size-sm\" href=\"https:\/\/new.ptsv-rosenheim.de\/index.php\/downloads\/\">\n\t\t\t\t\t\t<span class=\"elementor-button-content-wrapper\">\n\t\t\t\t\t\t\t\t\t<span class=\"elementor-button-text\">Downloads<\/span>\n\t\t\t\t\t<\/span>\n\t\t\t\t\t<\/a>\n\t\t\t\t<\/div>\n\t\t\t\t\t\t\t\t<\/div>\n\t\t\t\t<\/div>\n\t\t\t\t<\/div>\n\t\t\t\t<\/div>\n\t\t\t\t<\/div>\n\t\t\t\t<\/div>\n\t\t","protected":false},"excerpt":{"rendered":"<p>Datenschutz Datenschutz beim PTSV Rosenheim e.V. (1) Zur Erf\u00fcllung der satzungsgem\u00e4\u00dfen Aufgaben des Vereines und derVerpflichtungen, die sich aus der Mitgliedschaft im BayerischenLandes-Sportverband (BLSV) und aus der Mitgliedschaft in dessenzust\u00e4ndigen Sportfachverb\u00e4nden ergeben, werden im Verein unterBeachtung der rechtlichen Vorschriften, insbesondere der EUDatenschutzgrund-verordnung (DSGVO) sowie desBundesdatenschutzgesetzes neue Fassung (BDSG) folgendepersonenbezogene Daten von Vereinsmitgliedern digital gespeichert: -Name, [&hellip;]<\/p>\n","protected":false},"author":1,"featured_media":0,"parent":0,"menu_order":0,"comment_status":"closed","ping_status":"closed","template":"","meta":{"_eb_attr":"","footnotes":""},"class_list":["post-369","page","type-page","status-publish","hentry"],"blocksy_meta":[],"publishpress_future_action":{"enabled":false,"date":"2026-04-23 06:08:23","action":"change-status","newStatus":"draft","terms":[],"taxonomy":"","extraData":[]},"publishpress_future_workflow_manual_trigger":{"enabledWorkflows":[]},"_links":{"self":[{"href":"https:\/\/ptsv-rosenheim.de\/index.php\/wp-json\/wp\/v2\/pages\/369","targetHints":{"allow":["GET"]}}],"collection":[{"href":"https:\/\/ptsv-rosenheim.de\/index.php\/wp-json\/wp\/v2\/pages"}],"about":[{"href":"https:\/\/ptsv-rosenheim.de\/index.php\/wp-json\/wp\/v2\/types\/page"}],"author":[{"embeddable":true,"href":"https:\/\/ptsv-rosenheim.de\/index.php\/wp-json\/wp\/v2\/users\/1"}],"replies":[{"embeddable":true,"href":"https:\/\/ptsv-rosenheim.de\/index.php\/wp-json\/wp\/v2\/comments?post=369"}],"version-history":[{"count":19,"href":"https:\/\/ptsv-rosenheim.de\/index.php\/wp-json\/wp\/v2\/pages\/369\/revisions"}],"predecessor-version":[{"id":1190,"href":"https:\/\/ptsv-rosenheim.de\/index.php\/wp-json\/wp\/v2\/pages\/369\/revisions\/1190"}],"wp:attachment":[{"href":"https:\/\/ptsv-rosenheim.de\/index.php\/wp-json\/wp\/v2\/media?parent=369"}],"curies":[{"name":"wp","href":"https:\/\/api.w.org\/{rel}","templated":true}]}}